{"id":65,"date":"2025-06-10T15:21:35","date_gmt":"2025-06-10T15:21:35","guid":{"rendered":"https:\/\/enacsa.com.uy\/?page_id=65"},"modified":"2025-06-23T22:00:39","modified_gmt":"2025-06-23T22:00:39","slug":"acerca-nuestro","status":"publish","type":"page","link":"https:\/\/enacsa.com.uy\/index.php\/acerca-nuestro\/","title":{"rendered":"Acerca nuestro"},"content":{"rendered":"<p>Somos<strong> Energ\u00eda Acumulada SA<\/strong>, con m\u00e1s de 12 a\u00f1os en el mercado de<br \/>\nbater\u00edas. Nuestros valores fundamentales en ENACSA son incorporados por<br \/>\ntodos los que forman parte de la cadena productiva, desde el equipo operativo<br \/>\nhasta el consejo directivo. Todos nuestros miembros trabajan con prop\u00f3sito y<br \/>\ncompromiso, con la clara misi\u00f3n de contribuir al bienestar de la sociedad en su conjunto.<\/p>\n<p style=\"text-align: left;\">Hemos construido una trayectoria marcada por la excelencia en la calidad, la<br \/>\ntradici\u00f3n y, sobre todo, el respeto a las personas y el compromiso con el Medio<br \/>\nAmbiente. Entregamos productos de calidad, con una excelente relaci\u00f3n costo-<br \/>\nbeneficio, actuando siempre con reputaci\u00f3n y responsabilidad en el mercado de bater\u00edas.<\/p>\n<p style=\"text-align: left;\">La confianza es el pilar que diferencia a ENACSA, que mantiene rigurosos<br \/>\nest\u00e1ndares de calidad y modernos procesos para garantizar el mejor producto,<br \/>\npriorizando siempre una sana relaci\u00f3n costo-beneficio para los clientes.<\/p>\n<p><strong>MISI\u00d3N:<\/strong><br \/>\nContribuir al bienestar de las personas a trav\u00e9s de soluciones<br \/>\nenerg\u00e9ticas acumuladas.<\/p>\n<p><strong>VISI\u00d3N:<\/strong><br \/>\nSer una empresa excelente en t\u00e9rminos de energ\u00eda acumulada,<br \/>\nreconocida a nivel nacional e internacional, en la que los miembros de nuestra<br \/>\norganizaci\u00f3n desarrollen alegremente actividades innovadoras, dejando un<br \/>\nlegado social y de sustentabilidad para las generaciones futuras.<\/p>\n<p style=\"text-align: left;\"><strong>VALORES<br \/>\n<\/strong>&#8211; \u00c9tica &#8211; Compromiso &#8211; Integridad &#8211; Solidaridad &#8211; Respeto &#8211; Felicidad<\/p>\n","protected":false},"excerpt":{"rendered":"<p>Somos Energ\u00eda Acumulada SA, con m\u00e1s de 12 a\u00f1os en el mercado de bater\u00edas. Nuestros valores fundamentales en ENACSA son incorporados por todos los que forman parte de la cadena productiva, desde el equipo operativo hasta el consejo directivo. Todos nuestros miembros trabajan con prop\u00f3sito y compromiso, con la clara misi\u00f3n de contribuir al bienestar [&hellip;]<\/p>\n","protected":false},"author":1,"featured_media":0,"parent":0,"menu_order":0,"comment_status":"closed","ping_status":"closed","template":"","meta":{"footnotes":""},"class_list":["post-65","page","type-page","status-publish","hentry"],"_links":{"self":[{"href":"https:\/\/enacsa.com.uy\/index.php\/wp-json\/wp\/v2\/pages\/65","targetHints":{"allow":["GET"]}}],"collection":[{"href":"https:\/\/enacsa.com.uy\/index.php\/wp-json\/wp\/v2\/pages"}],"about":[{"href":"https:\/\/enacsa.com.uy\/index.php\/wp-json\/wp\/v2\/types\/page"}],"author":[{"embeddable":true,"href":"https:\/\/enacsa.com.uy\/index.php\/wp-json\/wp\/v2\/users\/1"}],"replies":[{"embeddable":true,"href":"https:\/\/enacsa.com.uy\/index.php\/wp-json\/wp\/v2\/comments?post=65"}],"version-history":[{"count":23,"href":"https:\/\/enacsa.com.uy\/index.php\/wp-json\/wp\/v2\/pages\/65\/revisions"}],"predecessor-version":[{"id":171,"href":"https:\/\/enacsa.com.uy\/index.php\/wp-json\/wp\/v2\/pages\/65\/revisions\/171"}],"wp:attachment":[{"href":"https:\/\/enacsa.com.uy\/index.php\/wp-json\/wp\/v2\/media?parent=65"}],"curies":[{"name":"wp","href":"https:\/\/api.w.org\/{rel}","templated":true}]}}